{"id":665,"date":"2016-03-15T13:19:51","date_gmt":"2016-03-15T13:19:51","guid":{"rendered":"http:\/\/kasitrans.hu\/kapcsolat\/?lang=en"},"modified":"2016-05-26T14:39:55","modified_gmt":"2016-05-26T14:39:55","slug":"contact-us","status":"publish","type":"page","link":"https:\/\/kasitrans.hu\/en\/contact-us\/","title":{"rendered":"Contact Us"},"content":{"rendered":"<p><em><strong>Kasi P\u00e9ter (manager, spediteur)<\/strong><\/em><\/p>\n<p>Telephone: +36302486293<\/p>\n<p>Email: kasitrans@kasitrans.hu<\/p>\n<p>Skype: kasipeti2<\/p>\n<p><em><strong>Kasi R\u00f3bert (manager, service)<\/strong><\/em><\/p>\n<p>Telephone: +36306862681<\/p>\n<p>Email: szerviz@kasitrans.hu<\/p>\n<p><em><strong>Szigeti Zolt\u00e1n (disponent)<\/strong><\/em><\/p>\n<p>Telephone: +36305020519<\/p>\n<p>Email: kasitrans@kasitrans.hu<\/p>\n<p>Skype: kasitranskft<\/p>\n<p><em><strong>Antonio Barbato (disponent)<\/strong><\/em><\/p>\n<p>Telephone: +36303077991<\/p>\n<p>Email: antonio@kasitrans.hu<\/p>\n<p>Skype: antonio_italiana<\/p>\n<p><em><strong>Opening times:<\/strong><\/em><\/p>\n<p>Monday-Friday: 8-17h<\/p>\n<p>Saturday-Sunday: closed<\/p>\n<p><em><strong>Megk\u00f6zel\u00edt\u00e9s:<\/strong><\/em><\/p>\n","protected":false},"excerpt":{"rendered":"<p>Kasi P\u00e9ter (manager, spediteur) Telephone: +36302486293 Email: kasitrans@kasitrans.hu Skype: kasipeti2 Kasi R\u00f3bert (manager, service) Telephone: +36306862681 Email: szerviz@kasitrans.hu Szigeti Zolt\u00e1n (disponent) Telephone: +36305020519 Email: kasitrans@kasitrans.hu Skype: kasitranskft Antonio Barbato (disponent) Telephone: +36303077991 Email: antonio@kasitrans.hu Skype: antonio_italiana Opening times: Monday-Friday: 8-17h Saturday-Sunday: closed Megk\u00f6zel\u00edt\u00e9s:<\/p>\n","protected":false},"author":3,"featured_media":0,"parent":0,"menu_order":0,"comment_status":"closed","ping_status":"closed","template":"","meta":{"_acf_changed":false,"footnotes":""},"class_list":["post-665","page","type-page","status-publish","hentry"],"acf":[],"_links":{"self":[{"href":"https:\/\/kasitrans.hu\/en\/wp-json\/wp\/v2\/pages\/665","targetHints":{"allow":["GET"]}}],"collection":[{"href":"https:\/\/kasitrans.hu\/en\/wp-json\/wp\/v2\/pages"}],"about":[{"href":"https:\/\/kasitrans.hu\/en\/wp-json\/wp\/v2\/types\/page"}],"author":[{"embeddable":true,"href":"https:\/\/kasitrans.hu\/en\/wp-json\/wp\/v2\/users\/3"}],"replies":[{"embeddable":true,"href":"https:\/\/kasitrans.hu\/en\/wp-json\/wp\/v2\/comments?post=665"}],"version-history":[{"count":4,"href":"https:\/\/kasitrans.hu\/en\/wp-json\/wp\/v2\/pages\/665\/revisions"}],"predecessor-version":[{"id":836,"href":"https:\/\/kasitrans.hu\/en\/wp-json\/wp\/v2\/pages\/665\/revisions\/836"}],"wp:attachment":[{"href":"https:\/\/kasitrans.hu\/en\/wp-json\/wp\/v2\/media?parent=665"}],"curies":[{"name":"wp","href":"https:\/\/api.w.org\/{rel}","templated":true}]}}